{"id":122,"date":"2009-10-29T21:12:38","date_gmt":"2009-10-29T20:12:38","guid":{"rendered":"http:\/\/www.telehaus.at\/?page_id=122"},"modified":"2024-04-05T14:57:34","modified_gmt":"2024-04-05T13:57:34","slug":"outsourcing","status":"publish","type":"page","link":"http:\/\/www.telehaus.at\/?page_id=122","title":{"rendered":"Outsourcing"},"content":{"rendered":"\n<p>Welchen Vorteil bringt Ihnen eine Auslagerung von Arbeiten?<\/p>\n\n\n\n<p>Sie bringt die Chance zur Professionalisierung sowie eine h\u00f6here Wertsch\u00f6pfung durch die Konzentration auf das Kerngesch\u00e4ft.<\/p>\n\n\n\n<p>Einige entscheidende Faktoren, die f\u00fcr eine Auslagerung sprechen:<\/p>\n\n\n\n<ul>\n<li>variable statt fixe Kosten<\/li>\n\n\n\n<li>Kostenwahrheit (bezahlt werden nur jene Kosten, die tats\u00e4chlich in Anspruch genommen werden)<\/li>\n\n\n\n<li>keine Karenzzeiten, Flexibilit\u00e4t (bei zeitkritischen Arbeiten)<\/li>\n\n\n\n<li>keine Sonderzahlungen<\/li>\n\n\n\n<li>keine zus\u00e4tzlichen Kosten f\u00fcr die Einrichtung eines Arbeitsplatzes<\/li>\n\n\n\n<li>fachliche Unterst\u00fctzung dann wann Sie es w\u00fcnschen<\/li>\n\n\n\n<li>Freiraum schaffen bei Ein-Personenunternehmen<\/li>\n<\/ul>\n\n\n\n<p>Oder mit anderen Worten: &#8222;&#8230; um im eigenen Betrieb Platz, Kosten und Nerven zu sparen &#8230;&#8220;<\/p>\n\n\n\n<p>Im Idealfall ist die Outsourcing-Partnerschaft eine &#8222;Wertsch\u00f6pfungspartnerschaft&#8220;.<\/p>\n\n\n\n<p>Kommen Sie zu uns, wenn Sie an Ihre Grenzen sto\u00dfen!<\/p>\n","protected":false},"excerpt":{"rendered":"<p>Welchen Vorteil bringt Ihnen eine Auslagerung von Arbeiten? Sie bringt die Chance zur Professionalisierung sowie eine h\u00f6here Wertsch\u00f6pfung durch die Konzentration auf das Kerngesch\u00e4ft. Einige entscheidende Faktoren, die f\u00fcr eine Auslagerung sprechen: Oder mit anderen Worten: &#8222;&#8230; um im eigenen&#8230; <a href=\"http:\/\/www.telehaus.at\/?page_id=122\" class=\"readmore\">Read more<span class=\"screen-reader-text\">Outsourcing<\/span><span class=\"fa fa-angle-double-right\" aria-hidden=\"true\"><\/span><\/a><\/p>\n","protected":false},"author":1,"featured_media":0,"parent":0,"menu_order":1,"comment_status":"closed","ping_status":"closed","template":"","meta":{"footnotes":""},"_links":{"self":[{"href":"http:\/\/www.telehaus.at\/index.php?rest_route=\/wp\/v2\/pages\/122"}],"collection":[{"href":"http:\/\/www.telehaus.at\/index.php?rest_route=\/wp\/v2\/pages"}],"about":[{"href":"http:\/\/www.telehaus.at\/index.php?rest_route=\/wp\/v2\/types\/page"}],"author":[{"embeddable":true,"href":"http:\/\/www.telehaus.at\/index.php?rest_route=\/wp\/v2\/users\/1"}],"replies":[{"embeddable":true,"href":"http:\/\/www.telehaus.at\/index.php?rest_route=%2Fwp%2Fv2%2Fcomments&post=122"}],"version-history":[{"count":10,"href":"http:\/\/www.telehaus.at\/index.php?rest_route=\/wp\/v2\/pages\/122\/revisions"}],"predecessor-version":[{"id":215,"href":"http:\/\/www.telehaus.at\/index.php?rest_route=\/wp\/v2\/pages\/122\/revisions\/215"}],"wp:attachment":[{"href":"http:\/\/www.telehaus.at\/index.php?rest_route=%2Fwp%2Fv2%2Fmedia&parent=122"}],"curies":[{"name":"wp","href":"https:\/\/api.w.org\/{rel}","templated":true}]}}