{"id":19,"date":"2009-01-12T21:06:44","date_gmt":"2009-01-12T20:06:44","guid":{"rendered":"http:\/\/www.telehaus.at\/?page_id=19"},"modified":"2018-06-10T07:01:37","modified_gmt":"2018-06-10T06:01:37","slug":"projektarbeit","status":"publish","type":"page","link":"http:\/\/www.telehaus.at\/?page_id=19","title":{"rendered":"Grafik\/Druck"},"content":{"rendered":"<p>Schon seit dem Beginn des Telehauses sind Druckwerke in unterschiedlichsten Formen und Auflagen ein zentrales Bet\u00e4tigungsfeld.<\/p>\n<p>Unser Angebot f\u00fcr Sie reicht vom Entwurf bis zum fertigen Druckobjekt.<\/p>\n<p>Je nach Auflage im Digitaldruck oder Offsetdruck zu Papier gebracht.<\/p>\n<p><strong>Druckobjekte:<\/strong><\/p>\n<ul>\n<li>Flyer\/Folder<\/li>\n<li>Plakate<\/li>\n<li>Etiketten<\/li>\n<li>Einladungen<\/li>\n<li>Brosch\u00fcren\/Zeitschriften<\/li>\n<li>Kalender<\/li>\n<li>B\u00fccher<\/li>\n<li>Visitenkarten<\/li>\n<\/ul>\n<p><strong>Gro\u00dfformatdruck:<\/strong><\/p>\n<ul>\n<li>Druckwerke in beliebiger Gr\u00f6\u00dfe &#8211; zusammengebaut aus Teilen in Gr\u00f6\u00dfe A1<\/li>\n<li>Druck in schwarz\/wei\u00df auf Plakatpapier bzw. Leuchtplakatpapier<\/li>\n<\/ul>\n<p>Wir stellen Ihnen gerne ein Angebot.<\/p>\n","protected":false},"excerpt":{"rendered":"<p>Schon seit dem Beginn des Telehauses sind Druckwerke in unterschiedlichsten Formen und Auflagen ein zentrales Bet\u00e4tigungsfeld. Unser Angebot f\u00fcr Sie reicht vom Entwurf bis zum fertigen Druckobjekt. Je nach Auflage im Digitaldruck oder Offsetdruck zu Papier gebracht. Druckobjekte: Flyer\/Folder Plakate&#8230; <a href=\"http:\/\/www.telehaus.at\/?page_id=19\" class=\"readmore\">Read more<span class=\"screen-reader-text\">Grafik\/Druck<\/span><span class=\"fa fa-angle-double-right\" aria-hidden=\"true\"><\/span><\/a><\/p>\n","protected":false},"author":1,"featured_media":0,"parent":0,"menu_order":2,"comment_status":"closed","ping_status":"closed","template":"","meta":{"footnotes":""},"_links":{"self":[{"href":"http:\/\/www.telehaus.at\/index.php?rest_route=\/wp\/v2\/pages\/19"}],"collection":[{"href":"http:\/\/www.telehaus.at\/index.php?rest_route=\/wp\/v2\/pages"}],"about":[{"href":"http:\/\/www.telehaus.at\/index.php?rest_route=\/wp\/v2\/types\/page"}],"author":[{"embeddable":true,"href":"http:\/\/www.telehaus.at\/index.php?rest_route=\/wp\/v2\/users\/1"}],"replies":[{"embeddable":true,"href":"http:\/\/www.telehaus.at\/index.php?rest_route=%2Fwp%2Fv2%2Fcomments&post=19"}],"version-history":[{"count":20,"href":"http:\/\/www.telehaus.at\/index.php?rest_route=\/wp\/v2\/pages\/19\/revisions"}],"predecessor-version":[{"id":206,"href":"http:\/\/www.telehaus.at\/index.php?rest_route=\/wp\/v2\/pages\/19\/revisions\/206"}],"wp:attachment":[{"href":"http:\/\/www.telehaus.at\/index.php?rest_route=%2Fwp%2Fv2%2Fmedia&parent=19"}],"curies":[{"name":"wp","href":"https:\/\/api.w.org\/{rel}","templated":true}]}}