{"id":25,"date":"2009-01-12T21:10:23","date_gmt":"2009-01-12T20:10:23","guid":{"rendered":"http:\/\/www.telehaus.at\/?page_id=25"},"modified":"2022-09-12T08:11:12","modified_gmt":"2022-09-12T07:11:12","slug":"post-partner","status":"publish","type":"page","link":"http:\/\/www.telehaus.at\/?page_id=25","title":{"rendered":"Post Partner"},"content":{"rendered":"<p style=\"text-align: left;\">Seit der Schlie\u00dfung des Postamtes Eschenau im Mai 2002 hat das Telehaus diese Angebote als Post-Partner \u00fcbernommen.<\/p>\n<p style=\"text-align: left;\">Die Mitarbeiter sind bestrebt, die Dienstleistungen der Post in gleicher Qualit\u00e4t weiterzuf\u00fchren.<\/p>\n<p style=\"text-align: left;\">Post-Partner-\u00d6ffnungszeiten:<br \/>\nMo &#8211; Fr: 7:30 bis 11:30 Uhr<\/p>\n<p style=\"text-align: left;\"><a href=\"http:\/\/www.telehaus.at\/wp-content\/uploads\/post_partner_logo1.jpg\"><img loading=\"lazy\" decoding=\"async\" class=\"size-full wp-image-170 aligncenter\" title=\"Post Partner\" src=\"http:\/\/www.telehaus.at\/wp-content\/uploads\/post_partner_logo1.jpg\" alt=\"Post Partner\" width=\"198\" height=\"100\" \/><\/a><\/p>\n","protected":false},"excerpt":{"rendered":"<p>Seit der Schlie\u00dfung des Postamtes Eschenau im Mai 2002 hat das Telehaus diese Angebote als Post-Partner \u00fcbernommen. Die Mitarbeiter sind bestrebt, die Dienstleistungen der Post in gleicher Qualit\u00e4t weiterzuf\u00fchren. Post-Partner-\u00d6ffnungszeiten: Mo &#8211; Fr: 7:30 bis 11:30 Uhr<\/p>\n","protected":false},"author":1,"featured_media":0,"parent":0,"menu_order":6,"comment_status":"closed","ping_status":"closed","template":"","meta":{"footnotes":""},"_links":{"self":[{"href":"http:\/\/www.telehaus.at\/index.php?rest_route=\/wp\/v2\/pages\/25"}],"collection":[{"href":"http:\/\/www.telehaus.at\/index.php?rest_route=\/wp\/v2\/pages"}],"about":[{"href":"http:\/\/www.telehaus.at\/index.php?rest_route=\/wp\/v2\/types\/page"}],"author":[{"embeddable":true,"href":"http:\/\/www.telehaus.at\/index.php?rest_route=\/wp\/v2\/users\/1"}],"replies":[{"embeddable":true,"href":"http:\/\/www.telehaus.at\/index.php?rest_route=%2Fwp%2Fv2%2Fcomments&post=25"}],"version-history":[{"count":14,"href":"http:\/\/www.telehaus.at\/index.php?rest_route=\/wp\/v2\/pages\/25\/revisions"}],"predecessor-version":[{"id":210,"href":"http:\/\/www.telehaus.at\/index.php?rest_route=\/wp\/v2\/pages\/25\/revisions\/210"}],"wp:attachment":[{"href":"http:\/\/www.telehaus.at\/index.php?rest_route=%2Fwp%2Fv2%2Fmedia&parent=25"}],"curies":[{"name":"wp","href":"https:\/\/api.w.org\/{rel}","templated":true}]}}