{"id":27,"date":"2009-01-12T21:12:16","date_gmt":"2009-01-12T20:12:16","guid":{"rendered":"http:\/\/www.telehaus.at\/?page_id=27"},"modified":"2010-05-23T15:27:37","modified_gmt":"2010-05-23T14:27:37","slug":"die-telehaus-idee","status":"publish","type":"page","link":"http:\/\/www.telehaus.at\/?page_id=27","title":{"rendered":"Historie"},"content":{"rendered":"<p><strong>Die Telehaus Idee, oder wie alles begann &#8230;<\/strong><\/p>\n<p>Die in Skandinavien geborene Telehaus-Idee wurde Anfang der 90er Jahre in \u00d6sterreich verst\u00e4rkt propagiert. Versuche haben aber gezeigt, da\u00df die skandinavischen Modelle f\u00fcr \u00d6sterreich aufgrund der strukturellen Unterschiede kaum anwendbar sind. Als Folge daraus wurde die Idee entsprechend adaptiert und an die \u00f6sterreichischen Strukturen angepasst.<\/p>\n<p>Bereits 1991 wurde in Eschenau versucht, mittels Telekommunikation Arbeitspl\u00e4tze im Dorf zu schaffen. Im Rahmen eines Arbeitskreises des Dorferneuerungsvereins wurde der Versuch gestartet, den Gebrauch der Telekommunikation und der Computertechnologie der Bev\u00f6lkerung n\u00e4her zu bringen.<\/p>\n<p>Mit bescheidener Ausr\u00fcstung und nahezu ohne Budget wurden in Kleingruppen Kenntnisse weitergegeben und lokal verwertbare Anwendungsm\u00f6glichkeiten erarbeitet. In der ehemaligen Volksschule wurden in einem 30m\u00b2-Raum 8 PCs aufgestellt und mit der Abhaltung von Kursen am Abend begonnen. Ein wesentlicher Teil der Kunden bildete sich aus \u00f6kologisch wirtschaftenden Bauern, die den PC f\u00fcr die Gestaltung von Etiketten, Werbung, Postwurfsendungen usw. nutzen konnten.<\/p>\n<p>Vorrangiges Ziel der ersten Phase war, die Wettbewerbskraft der landwirtschaftlichen Betriebe zu st\u00e4rken, indem Grundkenntnisse der computergest\u00fctzten Kostenkalkulation und Desktop Publishing &#8211; Fertigkeiten etwa zur Herstellung von Produktetiketten &#8211; vermittelt wurden.<\/p>\n<p>Die zweite Phase war durch die Ausweitung des Serviceangebots gekennzeichnet: Gestaltung von Werbematerialien, Workshops f\u00fcr Schulkinder und Durchf\u00fchrung von betriebswirtschaftlichen Analysen f\u00fcr Landwirte im Rahmen eines Forschungsauftrags.<\/p>\n<p>Erst mit der dritten Phase &#8211; gekennzeichnet durch die \u00dcbersiedlung in ein 50 m\u00b2 gro\u00dfes B\u00fcro mit angeschlossenem Seminarraum und der Gr\u00fcndung der Telehaus N\u00d6 GmbH als Dachorganisation der in N\u00d6 entstandenen Teleh\u00e4user im November 1994 brach nun wirklich das Zeitalter der Telearbeitspl\u00e4tze an und sollte das Telehaus seinem Namen gerecht werden.<\/p>\n<p>Heute ist die Telehaus N\u00d6 GmbH ein regionaler Arbeitgeber in Eschenau\/Bezirk Lilienfeld. Wobei aber immer noch das urspr\u00fcngliche Ziele soweit wie m\u00f6glich verfolgt wird, n\u00e4mlich die Arbeit (durch Telekommunikationseinrichtungen) zum Menschen zu bringen und nicht umgekehrt.<\/p>\n","protected":false},"excerpt":{"rendered":"<p>Die Telehaus Idee, oder wie alles begann &#8230; Die in Skandinavien geborene Telehaus-Idee wurde Anfang der 90er Jahre in \u00d6sterreich verst\u00e4rkt propagiert. Versuche haben aber gezeigt, da\u00df die skandinavischen Modelle f\u00fcr \u00d6sterreich aufgrund der strukturellen Unterschiede kaum anwendbar sind. Als&#8230; <a href=\"http:\/\/www.telehaus.at\/?page_id=27\" class=\"readmore\">Read more<span class=\"screen-reader-text\">Historie<\/span><span class=\"fa fa-angle-double-right\" aria-hidden=\"true\"><\/span><\/a><\/p>\n","protected":false},"author":1,"featured_media":0,"parent":0,"menu_order":3,"comment_status":"closed","ping_status":"closed","template":"","meta":{"footnotes":""},"_links":{"self":[{"href":"http:\/\/www.telehaus.at\/index.php?rest_route=\/wp\/v2\/pages\/27"}],"collection":[{"href":"http:\/\/www.telehaus.at\/index.php?rest_route=\/wp\/v2\/pages"}],"about":[{"href":"http:\/\/www.telehaus.at\/index.php?rest_route=\/wp\/v2\/types\/page"}],"author":[{"embeddable":true,"href":"http:\/\/www.telehaus.at\/index.php?rest_route=\/wp\/v2\/users\/1"}],"replies":[{"embeddable":true,"href":"http:\/\/www.telehaus.at\/index.php?rest_route=%2Fwp%2Fv2%2Fcomments&post=27"}],"version-history":[{"count":12,"href":"http:\/\/www.telehaus.at\/index.php?rest_route=\/wp\/v2\/pages\/27\/revisions"}],"predecessor-version":[{"id":184,"href":"http:\/\/www.telehaus.at\/index.php?rest_route=\/wp\/v2\/pages\/27\/revisions\/184"}],"wp:attachment":[{"href":"http:\/\/www.telehaus.at\/index.php?rest_route=%2Fwp%2Fv2%2Fmedia&parent=27"}],"curies":[{"name":"wp","href":"https:\/\/api.w.org\/{rel}","templated":true}]}}