{"id":3,"date":"2009-01-12T20:26:31","date_gmt":"2009-01-12T19:26:31","guid":{"rendered":"http:\/\/mda23.w4yserver.at\/?page_id=3"},"modified":"2023-08-03T09:11:27","modified_gmt":"2023-08-03T08:11:27","slug":"kontakt","status":"publish","type":"page","link":"http:\/\/www.telehaus.at\/?page_id=3","title":{"rendered":"Kontakt"},"content":{"rendered":"<p>Telehaus N\u00d6 GmbH<\/p>\n<p>GF Heidi Weissenb\u00f6ck<\/p>\n<p>Inzenreithstra\u00dfe 1\/2<br \/>\n3153 Eschenau<br \/>\neschenau [at] telehaus.at<br \/>\nTel: 02762\/55970<\/p>\n<p>\u00d6ffnungszeiten:<br \/>\nMo. bis Fr.: 7:30 &#8211; 11:30 Uhr<\/p>\n","protected":false},"excerpt":{"rendered":"<p>Telehaus N\u00d6 GmbH GF Heidi Weissenb\u00f6ck Inzenreithstra\u00dfe 1\/2 3153 Eschenau eschenau [at] telehaus.at Tel: 02762\/55970 \u00d6ffnungszeiten: Mo. bis Fr.: 7:30 &#8211; 11:30 Uhr<\/p>\n","protected":false},"author":1,"featured_media":0,"parent":0,"menu_order":5,"comment_status":"closed","ping_status":"closed","template":"","meta":{"footnotes":""},"_links":{"self":[{"href":"http:\/\/www.telehaus.at\/index.php?rest_route=\/wp\/v2\/pages\/3"}],"collection":[{"href":"http:\/\/www.telehaus.at\/index.php?rest_route=\/wp\/v2\/pages"}],"about":[{"href":"http:\/\/www.telehaus.at\/index.php?rest_route=\/wp\/v2\/types\/page"}],"author":[{"embeddable":true,"href":"http:\/\/www.telehaus.at\/index.php?rest_route=\/wp\/v2\/users\/1"}],"replies":[{"embeddable":true,"href":"http:\/\/www.telehaus.at\/index.php?rest_route=%2Fwp%2Fv2%2Fcomments&post=3"}],"version-history":[{"count":20,"href":"http:\/\/www.telehaus.at\/index.php?rest_route=\/wp\/v2\/pages\/3\/revisions"}],"predecessor-version":[{"id":211,"href":"http:\/\/www.telehaus.at\/index.php?rest_route=\/wp\/v2\/pages\/3\/revisions\/211"}],"wp:attachment":[{"href":"http:\/\/www.telehaus.at\/index.php?rest_route=%2Fwp%2Fv2%2Fmedia&parent=3"}],"curies":[{"name":"wp","href":"https:\/\/api.w.org\/{rel}","templated":true}]}}