{"id":30,"date":"2009-01-12T21:14:01","date_gmt":"2009-01-12T20:14:01","guid":{"rendered":"http:\/\/www.telehaus.at\/?page_id=30"},"modified":"2017-03-21T11:02:42","modified_gmt":"2017-03-21T10:02:42","slug":"dienstleistungen","status":"publish","type":"page","link":"http:\/\/www.telehaus.at\/?page_id=30","title":{"rendered":"Telearbeit"},"content":{"rendered":"<p>Das Bet\u00e4tigungsfeld des Telehauses hat sich st\u00e4ndig erweitert und an die geforderten Bed\u00fcrnisse angepasst.<\/p>\n<p>War zu &#8222;Gr\u00fcndungszeiten&#8220; noch die Schulung und Vermittlung von EDV-Kenntnissen ein zentraler Bestandteil der Arbeit, so sind es heute komplexere Themen wie Grafik-, Satz- und Verlagsarbeiten.<\/p>\n<p>Au\u00dferdem k\u00f6nnen wir auf langj\u00e4hrige Erfahrung im Bereich der klassischen Telearbeit &#8211; was heute als Outsourcing bezeichnet wird &#8211; aufbauen. Seit gut 20 Jahren wickeln wir Outsourcing-Projekte f\u00fcr unsere Auftraggeber ab.<\/p>\n<p>Das hei\u00dft Firmen lagern Teile ihrer Arbeit aus, weil es sich um abgegrenzte Projekte handelt, und die firmeneigenen Kapazit\u00e4ten nicht ausreichen, oder der Arbeitsanfall saisonal stattfindet und nicht das ganze Jahr Mitarbeiter f\u00fcr diesen Bereich gehalten werden k\u00f6nnen.<\/p>\n<p>Falls Sie auch am \u00fcberlegen sind, einen Schritt in diese Richtung zu wagen, dann kontaktieren sie uns. Vielleicht entsteht auch eine gewinnbringende Zusammenarbeit.<\/p>\n","protected":false},"excerpt":{"rendered":"<p>Das Bet\u00e4tigungsfeld des Telehauses hat sich st\u00e4ndig erweitert und an die geforderten Bed\u00fcrnisse angepasst. War zu &#8222;Gr\u00fcndungszeiten&#8220; noch die Schulung und Vermittlung von EDV-Kenntnissen ein zentraler Bestandteil der Arbeit, so sind es heute komplexere Themen wie Grafik-, Satz- und Verlagsarbeiten&#8230;. <a href=\"http:\/\/www.telehaus.at\/?page_id=30\" class=\"readmore\">Read more<span class=\"screen-reader-text\">Telearbeit<\/span><span class=\"fa fa-angle-double-right\" aria-hidden=\"true\"><\/span><\/a><\/p>\n","protected":false},"author":1,"featured_media":0,"parent":0,"menu_order":0,"comment_status":"closed","ping_status":"closed","template":"","meta":{"footnotes":""},"_links":{"self":[{"href":"http:\/\/www.telehaus.at\/index.php?rest_route=\/wp\/v2\/pages\/30"}],"collection":[{"href":"http:\/\/www.telehaus.at\/index.php?rest_route=\/wp\/v2\/pages"}],"about":[{"href":"http:\/\/www.telehaus.at\/index.php?rest_route=\/wp\/v2\/types\/page"}],"author":[{"embeddable":true,"href":"http:\/\/www.telehaus.at\/index.php?rest_route=\/wp\/v2\/users\/1"}],"replies":[{"embeddable":true,"href":"http:\/\/www.telehaus.at\/index.php?rest_route=%2Fwp%2Fv2%2Fcomments&post=30"}],"version-history":[{"count":11,"href":"http:\/\/www.telehaus.at\/index.php?rest_route=\/wp\/v2\/pages\/30\/revisions"}],"predecessor-version":[{"id":202,"href":"http:\/\/www.telehaus.at\/index.php?rest_route=\/wp\/v2\/pages\/30\/revisions\/202"}],"wp:attachment":[{"href":"http:\/\/www.telehaus.at\/index.php?rest_route=%2Fwp%2Fv2%2Fmedia&parent=30"}],"curies":[{"name":"wp","href":"https:\/\/api.w.org\/{rel}","templated":true}]}}